{"id":2487,"date":"2023-02-10T19:37:05","date_gmt":"2023-02-10T19:37:05","guid":{"rendered":"https:\/\/cigei.com\/?page_id=2487"},"modified":"2024-11-23T18:36:18","modified_gmt":"2024-11-23T18:36:18","slug":"sedimentacion","status":"publish","type":"page","link":"https:\/\/cigei.com\/en\/investigacion-desarrollo-e-innovacion\/laboratorio\/sedimentacion\/","title":{"rendered":"Sedimentation"},"content":{"rendered":"<div data-elementor-type=\"wp-page\" data-elementor-id=\"2487\" class=\"elementor elementor-2487\">\n\t\t\t\t\t\t<section class=\"elementor-section elementor-top-section elementor-element elementor-element-69774be elementor-section-boxed elementor-section-height-default elementor-section-height-default\" data-id=\"69774be\" data-element_type=\"section\" data-e-type=\"section\">\n\t\t\t\t\t\t<div class=\"elementor-container elementor-column-gap-default\">\n\t\t\t\t\t<div class=\"elementor-column elementor-col-100 elementor-top-column elementor-element elementor-element-2569c31\" data-id=\"2569c31\" data-element_type=\"column\" data-e-type=\"column\">\n\t\t\t<div class=\"elementor-widget-wrap elementor-element-populated\">\n\t\t\t\t\t\t<div class=\"elementor-element elementor-element-f96086d elementor-widget elementor-widget-heading\" data-id=\"f96086d\" data-element_type=\"widget\" data-e-type=\"widget\" data-widget_type=\"heading.default\">\n\t\t\t\t<div class=\"elementor-widget-container\">\n\t\t\t\t\t<h2 class=\"elementor-heading-title elementor-size-default\">Sedimentation<\/h2>\t\t\t\t<\/div>\n\t\t\t\t<\/div>\n\t\t\t\t<section class=\"elementor-section elementor-inner-section elementor-element elementor-element-97725fb elementor-section-boxed elementor-section-height-default elementor-section-height-default\" data-id=\"97725fb\" data-element_type=\"section\" data-e-type=\"section\">\n\t\t\t\t\t\t<div class=\"elementor-container elementor-column-gap-default\">\n\t\t\t\t\t<div class=\"elementor-column elementor-col-50 elementor-inner-column elementor-element elementor-element-18a1555\" data-id=\"18a1555\" data-element_type=\"column\" data-e-type=\"column\">\n\t\t\t<div class=\"elementor-widget-wrap elementor-element-populated\">\n\t\t\t\t\t\t<div class=\"elementor-element elementor-element-10b5853 elementor-widget__width-inherit elementor-widget elementor-widget-heading\" data-id=\"10b5853\" data-element_type=\"widget\" data-e-type=\"widget\" data-widget_type=\"heading.default\">\n\t\t\t\t<div class=\"elementor-widget-container\">\n\t\t\t\t\t<h5 class=\"elementor-heading-title elementor-size-default\">Deep Cone Sedimenter<\/h5>\t\t\t\t<\/div>\n\t\t\t\t<\/div>\n\t\t\t\t<div class=\"elementor-element elementor-element-e2d8625 elementor-arrows-position-outside elementor-pagination-position-outside elementor-widget elementor-widget-image-carousel\" data-id=\"e2d8625\" data-element_type=\"widget\" data-e-type=\"widget\" data-settings=\"{&quot;slides_to_show&quot;:&quot;1&quot;,&quot;navigation&quot;:&quot;both&quot;,&quot;autoplay&quot;:&quot;yes&quot;,&quot;pause_on_hover&quot;:&quot;yes&quot;,&quot;pause_on_interaction&quot;:&quot;yes&quot;,&quot;autoplay_speed&quot;:5000,&quot;infinite&quot;:&quot;yes&quot;,&quot;effect&quot;:&quot;slide&quot;,&quot;speed&quot;:500}\" data-widget_type=\"image-carousel.default\">\n\t\t\t\t<div class=\"elementor-widget-container\">\n\t\t\t\t\t\t\t<div class=\"elementor-image-carousel-wrapper swiper\" role=\"region\" aria-roledescription=\"carousel\" aria-label=\"Image Carousel\" dir=\"ltr\">\n\t\t\t<div class=\"elementor-image-carousel swiper-wrapper\" aria-live=\"off\">\n\t\t\t\t\t\t\t\t<div class=\"swiper-slide\" role=\"group\" aria-roledescription=\"slide\" aria-label=\"1 of 5\" data-no-translation-aria-label=\"\"><figure class=\"swiper-slide-inner\"><img decoding=\"async\" class=\"swiper-slide-image\" src=\"https:\/\/cigei.com\/wp-content\/uploads\/2023\/02\/Sed1-224x300.png\" alt=\"Sedimentaci\u00f3n\" \/><\/figure><\/div><div class=\"swiper-slide\" role=\"group\" aria-roledescription=\"slide\" aria-label=\"2 of 5\" data-no-translation-aria-label=\"\"><figure class=\"swiper-slide-inner\"><img decoding=\"async\" class=\"swiper-slide-image\" src=\"https:\/\/cigei.com\/wp-content\/uploads\/2023\/02\/sed-3-300x226.png\" alt=\"Sedimentaci\u00f3n\" \/><\/figure><\/div><div class=\"swiper-slide\" role=\"group\" aria-roledescription=\"slide\" aria-label=\"3 of 5\" data-no-translation-aria-label=\"\"><figure class=\"swiper-slide-inner\"><img decoding=\"async\" class=\"swiper-slide-image\" src=\"https:\/\/cigei.com\/wp-content\/uploads\/2023\/02\/Sed-2-300x226.png\" alt=\"Sedimentaci\u00f3n\" \/><\/figure><\/div><div class=\"swiper-slide\" role=\"group\" aria-roledescription=\"slide\" aria-label=\"4 of 5\" data-no-translation-aria-label=\"\"><figure class=\"swiper-slide-inner\"><img decoding=\"async\" class=\"swiper-slide-image\" src=\"https:\/\/cigei.com\/wp-content\/uploads\/2023\/06\/WhatsApp-Image-2023-03-06-at-18.39.58-1-225x300.jpeg\" alt=\"Sedimentaci\u00f3n\" \/><\/figure><\/div><div class=\"swiper-slide\" role=\"group\" aria-roledescription=\"slide\" aria-label=\"5 of 5\" data-no-translation-aria-label=\"\"><figure class=\"swiper-slide-inner\"><img decoding=\"async\" class=\"swiper-slide-image\" src=\"https:\/\/cigei.com\/wp-content\/uploads\/2023\/06\/WhatsApp-Image-2023-03-06-at-18.39.57-225x300.jpeg\" alt=\"Pruebas de Sedimentaci\u00f3n\" \/><\/figure><\/div>\t\t\t<\/div>\n\t\t\t\t\t\t\t\t\t\t\t\t<div class=\"elementor-swiper-button elementor-swiper-button-prev\" role=\"button\" tabindex=\"0\">\n\t\t\t\t\t\t<i aria-hidden=\"true\" class=\"eicon-chevron-left\"><\/i>\t\t\t\t\t<\/div>\n\t\t\t\t\t<div class=\"elementor-swiper-button elementor-swiper-button-next\" role=\"button\" tabindex=\"0\">\n\t\t\t\t\t\t<i aria-hidden=\"true\" class=\"eicon-chevron-right\"><\/i>\t\t\t\t\t<\/div>\n\t\t\t\t\n\t\t\t\t\t\t\t\t\t<div class=\"swiper-pagination\"><\/div>\n\t\t\t\t\t\t\t\t\t<\/div>\n\t\t\t\t\t\t<\/div>\n\t\t\t\t<\/div>\n\t\t\t\t\t<\/div>\n\t\t<\/div>\n\t\t\t\t<div class=\"elementor-column elementor-col-50 elementor-inner-column elementor-element elementor-element-cc016ef\" data-id=\"cc016ef\" data-element_type=\"column\" data-e-type=\"column\">\n\t\t\t<div class=\"elementor-widget-wrap elementor-element-populated\">\n\t\t\t\t\t\t<div class=\"elementor-element elementor-element-cd61154 elementor-widget elementor-widget-text-editor\" data-id=\"cd61154\" data-element_type=\"widget\" data-e-type=\"widget\" data-widget_type=\"text-editor.default\">\n\t\t\t\t<div class=\"elementor-widget-container\">\n\t\t\t\t\t\t\t\t\t<p>Descubre c\u00f3mo funciona la sedimentaci\u00f3n con la utilizaci\u00f3n de un sedimentador cono profundo para el tratamiento de aguas residuales. Este innovador equipo es esencial en plantas de tratamiento para la eliminaci\u00f3n eficiente de s\u00f3lidos suspendidos y sedimentos. Conoce sus ventajas, funcionamiento y beneficios en la purificaci\u00f3n del agua con el proceso de sedimentaci\u00f3n. \u00a1Obt\u00e9n la mejor calidad de agua con nuestro sedimentador cono profundo! Cont\u00e1ctanos para m\u00e1s informaci\u00f3n.\u00bb<\/p>\t\t\t\t\t\t\t\t<\/div>\n\t\t\t\t<\/div>\n\t\t\t\t<div class=\"elementor-element elementor-element-e1f091d elementor-align-justify elementor-widget__width-inherit elementor-widget elementor-widget-button\" data-id=\"e1f091d\" data-element_type=\"widget\" data-e-type=\"widget\" data-settings=\"{&quot;_animation&quot;:&quot;none&quot;}\" data-widget_type=\"button.default\">\n\t\t\t\t<div class=\"elementor-widget-container\">\n\t\t\t\t\t\t\t\t\t<div class=\"elementor-button-wrapper\">\n\t\t\t\t\t<a class=\"elementor-button elementor-button-link elementor-size-sm elementor-animation-wobble-horizontal\" href=\"https:\/\/wa.link\/5czhxk\">\n\t\t\t\t\t\t<span class=\"elementor-button-content-wrapper\">\n\t\t\t\t\t\t<span class=\"elementor-button-icon\">\n\t\t\t\t<i aria-hidden=\"true\" class=\"fas fa-angle-right\"><\/i>\t\t\t<\/span>\n\t\t\t\t\t\t\t\t\t<span class=\"elementor-button-text\">Quote<\/span>\n\t\t\t\t\t<\/span>\n\t\t\t\t\t<\/a>\n\t\t\t\t<\/div>\n\t\t\t\t\t\t\t\t<\/div>\n\t\t\t\t<\/div>\n\t\t\t\t\t<\/div>\n\t\t<\/div>\n\t\t\t\t\t<\/div>\n\t\t<\/section>\n\t\t\t\t\t<\/div>\n\t\t<\/div>\n\t\t\t\t\t<\/div>\n\t\t<\/section>\n\t\t\t\t<section class=\"elementor-section elementor-top-section elementor-element elementor-element-f863299 elementor-section-boxed elementor-section-height-default elementor-section-height-default\" data-id=\"f863299\" data-element_type=\"section\" data-e-type=\"section\">\n\t\t\t\t\t\t<div class=\"elementor-container elementor-column-gap-default\">\n\t\t\t\t\t<div class=\"elementor-column elementor-col-100 elementor-top-column elementor-element elementor-element-7ff9ee0\" data-id=\"7ff9ee0\" data-element_type=\"column\" data-e-type=\"column\">\n\t\t\t<div class=\"elementor-widget-wrap elementor-element-populated\">\n\t\t\t\t\t\t<div class=\"elementor-element elementor-element-6b4ac63 elementor-widget elementor-widget-spacer\" data-id=\"6b4ac63\" data-element_type=\"widget\" data-e-type=\"widget\" data-widget_type=\"spacer.default\">\n\t\t\t\t<div class=\"elementor-widget-container\">\n\t\t\t\t\t\t\t<div class=\"elementor-spacer\">\n\t\t\t<div class=\"elementor-spacer-inner\"><\/div>\n\t\t<\/div>\n\t\t\t\t\t\t<\/div>\n\t\t\t\t<\/div>\n\t\t\t\t\t<\/div>\n\t\t<\/div>\n\t\t\t\t\t<\/div>\n\t\t<\/section>\n\t\t\t\t<section class=\"elementor-section elementor-top-section elementor-element elementor-element-3113bd1 elementor-section-boxed elementor-section-height-default elementor-section-height-default\" data-id=\"3113bd1\" data-element_type=\"section\" data-e-type=\"section\" data-settings=\"{&quot;background_background&quot;:&quot;classic&quot;}\">\n\t\t\t\t\t\t<div class=\"elementor-container elementor-column-gap-default\">\n\t\t\t\t\t<div class=\"elementor-column elementor-col-100 elementor-top-column elementor-element elementor-element-d04d286\" data-id=\"d04d286\" data-element_type=\"column\" data-e-type=\"column\">\n\t\t\t<div class=\"elementor-widget-wrap elementor-element-populated\">\n\t\t\t\t\t\t<div class=\"elementor-element elementor-element-9e9eb8f content-align-cta-default elementor-widget elementor-widget-eael-cta-box\" data-id=\"9e9eb8f\" data-element_type=\"widget\" data-e-type=\"widget\" data-widget_type=\"eael-cta-box.default\">\n\t\t\t\t<div class=\"elementor-widget-container\">\n\t\t\t\t\t\t\t<div class=\"eael-call-to-action cta-basic bg-lite cta-preset-1\">\n        <h2 class=\"title eael-cta-heading\">Quote with us<\/h2><p>If you need to optimize your filtration process with our products, maximize solids recovery and reduce costs, you are in the right place. Discover how our robust and reliable equipment can transform your operation.<\/p><a href=\"https:\/\/cigei.com\/contacto\/\" target=\"_blank\" contacto=\"\" class=\"cta-button cta-preset-1\">Quote Here<\/a>\t<\/div>\n\t\t\t\t\t\t\t\t<\/div>\n\t\t\t\t<\/div>\n\t\t\t\t\t<\/div>\n\t\t<\/div>\n\t\t\t\t\t<\/div>\n\t\t<\/section>\n\t\t\t\t<section class=\"elementor-section elementor-top-section elementor-element elementor-element-62c4440 elementor-section-boxed elementor-section-height-default elementor-section-height-default\" data-id=\"62c4440\" data-element_type=\"section\" data-e-type=\"section\">\n\t\t\t\t\t\t<div class=\"elementor-container elementor-column-gap-default\">\n\t\t\t\t\t<div class=\"elementor-column elementor-col-100 elementor-top-column elementor-element elementor-element-3705c08\" data-id=\"3705c08\" data-element_type=\"column\" data-e-type=\"column\">\n\t\t\t<div class=\"elementor-widget-wrap elementor-element-populated\">\n\t\t\t\t\t\t<div class=\"elementor-element elementor-element-938ff34 elementor-widget elementor-widget-spacer\" data-id=\"938ff34\" data-element_type=\"widget\" data-e-type=\"widget\" data-widget_type=\"spacer.default\">\n\t\t\t\t<div class=\"elementor-widget-container\">\n\t\t\t\t\t\t\t<div class=\"elementor-spacer\">\n\t\t\t<div class=\"elementor-spacer-inner\"><\/div>\n\t\t<\/div>\n\t\t\t\t\t\t<\/div>\n\t\t\t\t<\/div>\n\t\t\t\t\t<\/div>\n\t\t<\/div>\n\t\t\t\t\t<\/div>\n\t\t<\/section>\n\t\t\t\t<\/div>","protected":false},"excerpt":{"rendered":"<p>Sedimentaci\u00f3n Sedimentador Cono Profundo Descubre c\u00f3mo funciona un sedimentador cono profundo para el tratamiento de aguas residuales. Este innovador equipo es esencial en plantas de tratamiento para la eliminaci\u00f3n eficiente de s\u00f3lidos suspendidos y sedimentos. Conoce sus ventajas, funcionamiento y beneficios en la purificaci\u00f3n del agua. \u00a1Obt\u00e9n la mejor calidad de agua con nuestro sedimentador [&hellip;]<\/p>","protected":false},"author":1,"featured_media":0,"parent":96,"menu_order":0,"comment_status":"closed","ping_status":"closed","template":"","meta":{"site-sidebar-layout":"no-sidebar","site-content-layout":"page-builder","ast-site-content-layout":"full-width-container","site-content-style":"unboxed","site-sidebar-style":"unboxed","ast-global-header-display":"","ast-banner-title-visibility":"","ast-main-header-display":"","ast-hfb-above-header-display":"","ast-hfb-below-header-display":"","ast-hfb-mobile-header-display":"","site-post-title":"disabled","ast-breadcrumbs-content":"","ast-featured-img":"disabled","footer-sml-layout":"","theme-transparent-header-meta":"","adv-header-id-meta":"","stick-header-meta":"","header-above-stick-meta":"","header-main-stick-meta":"","header-below-stick-meta":"","astra-migrate-meta-layouts":"set","ast-page-background-enabled":"default","ast-page-background-meta":{"desktop":{"background-color":"var(--ast-global-color-4)","background-image":"","background-repeat":"repeat","background-position":"center center","background-size":"auto","background-attachment":"scroll","background-type":"","background-media":"","overlay-type":"","overlay-color":"","overlay-opacity":"","overlay-gradient":""},"tablet":{"background-color":"","background-image":"","background-repeat":"repeat","background-position":"center center","background-size":"auto","background-attachment":"scroll","background-type":"","background-media":"","overlay-type":"","overlay-color":"","overlay-opacity":"","overlay-gradient":""},"mobile":{"background-color":"","background-image":"","background-repeat":"repeat","background-position":"center center","background-size":"auto","background-attachment":"scroll","background-type":"","background-media":"","overlay-type":"","overlay-color":"","overlay-opacity":"","overlay-gradient":""}},"ast-content-background-meta":{"desktop":{"background-color":"var(--ast-global-color-5)","background-image":"","background-repeat":"repeat","background-position":"center center","background-size":"auto","background-attachment":"scroll","background-type":"","background-media":"","overlay-type":"","overlay-color":"","overlay-opacity":"","overlay-gradient":""},"tablet":{"background-color":"var(--ast-global-color-5)","background-image":"","background-repeat":"repeat","background-position":"center center","background-size":"auto","background-attachment":"scroll","background-type":"","background-media":"","overlay-type":"","overlay-color":"","overlay-opacity":"","overlay-gradient":""},"mobile":{"background-color":"var(--ast-global-color-5)","background-image":"","background-repeat":"repeat","background-position":"center center","background-size":"auto","background-attachment":"scroll","background-type":"","background-media":"","overlay-type":"","overlay-color":"","overlay-opacity":"","overlay-gradient":""}},"_joinchat":[],"footnotes":""},"class_list":["post-2487","page","type-page","status-publish","hentry"],"yoast_head":"<!-- This site is optimized with the Yoast SEO plugin v25.8 - https:\/\/yoast.com\/wordpress\/plugins\/seo\/ -->\n<title>Sedimentaci\u00f3n - CIGEI SAC<\/title>\n<meta name=\"description\" content=\"Expertos en soluciones de sedimentaci\u00f3n para tratamiento de aguas. Equipos eficientes y personalizados que mejoran la calidad de procesos.\" \/>\n<meta name=\"robots\" content=\"index, follow, max-snippet:-1, max-image-preview:large, max-video-preview:-1\" \/>\n<link rel=\"canonical\" href=\"https:\/\/cigei.com\/en\/investigacion-desarrollo-e-innovacion\/laboratorio\/sedimentacion\/\" \/>\n<meta property=\"og:locale\" content=\"en_US\" \/>\n<meta property=\"og:type\" content=\"article\" \/>\n<meta property=\"og:title\" content=\"Sedimentaci\u00f3n - CIGEI SAC\" \/>\n<meta property=\"og:description\" content=\"Expertos en soluciones de sedimentaci\u00f3n para tratamiento de aguas. Equipos eficientes y personalizados que mejoran la calidad de procesos.\" \/>\n<meta property=\"og:url\" content=\"https:\/\/cigei.com\/en\/investigacion-desarrollo-e-innovacion\/laboratorio\/sedimentacion\/\" \/>\n<meta property=\"og:site_name\" content=\"CIGEI SAC\" \/>\n<meta property=\"article:modified_time\" content=\"2024-11-23T18:36:18+00:00\" \/>\n<meta property=\"og:image\" content=\"https:\/\/cigei.com\/wp-content\/uploads\/2023\/02\/Sed1-224x300.png\" \/>\n<meta name=\"twitter:card\" content=\"summary_large_image\" \/>\n<meta name=\"twitter:label1\" content=\"Est. reading time\" \/>\n\t<meta name=\"twitter:data1\" content=\"2 minutes\" \/>\n<script type=\"application\/ld+json\" class=\"yoast-schema-graph\">{\"@context\":\"https:\/\/schema.org\",\"@graph\":[{\"@type\":\"WebPage\",\"@id\":\"https:\/\/cigei.com\/investigacion-desarrollo-e-innovacion\/laboratorio\/sedimentacion\/\",\"url\":\"https:\/\/cigei.com\/investigacion-desarrollo-e-innovacion\/laboratorio\/sedimentacion\/\",\"name\":\"Sedimentaci\u00f3n - CIGEI SAC\",\"isPartOf\":{\"@id\":\"https:\/\/cigei.com\/#website\"},\"primaryImageOfPage\":{\"@id\":\"https:\/\/cigei.com\/investigacion-desarrollo-e-innovacion\/laboratorio\/sedimentacion\/#primaryimage\"},\"image\":{\"@id\":\"https:\/\/cigei.com\/investigacion-desarrollo-e-innovacion\/laboratorio\/sedimentacion\/#primaryimage\"},\"thumbnailUrl\":\"https:\/\/cigei.com\/wp-content\/uploads\/2023\/02\/Sed1-224x300.png\",\"datePublished\":\"2023-02-10T19:37:05+00:00\",\"dateModified\":\"2024-11-23T18:36:18+00:00\",\"description\":\"Expertos en soluciones de sedimentaci\u00f3n para tratamiento de aguas. Equipos eficientes y personalizados que mejoran la calidad de procesos.\",\"breadcrumb\":{\"@id\":\"https:\/\/cigei.com\/investigacion-desarrollo-e-innovacion\/laboratorio\/sedimentacion\/#breadcrumb\"},\"inLanguage\":\"en-US\",\"potentialAction\":[{\"@type\":\"ReadAction\",\"target\":[\"https:\/\/cigei.com\/investigacion-desarrollo-e-innovacion\/laboratorio\/sedimentacion\/\"]}]},{\"@type\":\"ImageObject\",\"inLanguage\":\"en-US\",\"@id\":\"https:\/\/cigei.com\/investigacion-desarrollo-e-innovacion\/laboratorio\/sedimentacion\/#primaryimage\",\"url\":\"https:\/\/cigei.com\/wp-content\/uploads\/2023\/02\/Sed1-224x300.png\",\"contentUrl\":\"https:\/\/cigei.com\/wp-content\/uploads\/2023\/02\/Sed1-224x300.png\"},{\"@type\":\"BreadcrumbList\",\"@id\":\"https:\/\/cigei.com\/investigacion-desarrollo-e-innovacion\/laboratorio\/sedimentacion\/#breadcrumb\",\"itemListElement\":[{\"@type\":\"ListItem\",\"position\":1,\"name\":\"Home\",\"item\":\"https:\/\/cigei.com\/\"},{\"@type\":\"ListItem\",\"position\":2,\"name\":\"I+D+I\",\"item\":\"https:\/\/cigei.com\/investigacion-desarrollo-e-innovacion\/\"},{\"@type\":\"ListItem\",\"position\":3,\"name\":\"Laboratorio\",\"item\":\"https:\/\/cigei.com\/investigacion-desarrollo-e-innovacion\/laboratorio\/\"},{\"@type\":\"ListItem\",\"position\":4,\"name\":\"Sedimentaci\u00f3n\"}]},{\"@type\":\"WebSite\",\"@id\":\"https:\/\/cigei.com\/#website\",\"url\":\"https:\/\/cigei.com\/\",\"name\":\"CIGEI SAC\",\"description\":\"Filtros Prensa y Tratamiento de Aguas\",\"publisher\":{\"@id\":\"https:\/\/cigei.com\/#organization\"},\"alternateName\":\"CIGEI SAC\",\"potentialAction\":[{\"@type\":\"SearchAction\",\"target\":{\"@type\":\"EntryPoint\",\"urlTemplate\":\"https:\/\/cigei.com\/?s={search_term_string}\"},\"query-input\":{\"@type\":\"PropertyValueSpecification\",\"valueRequired\":true,\"valueName\":\"search_term_string\"}}],\"inLanguage\":\"en-US\"},{\"@type\":\"Organization\",\"@id\":\"https:\/\/cigei.com\/#organization\",\"name\":\"CIGEI SAC\",\"alternateName\":\"CIGEI SAC\",\"url\":\"https:\/\/cigei.com\/\",\"logo\":{\"@type\":\"ImageObject\",\"inLanguage\":\"en-US\",\"@id\":\"https:\/\/cigei.com\/#\/schema\/logo\/image\/\",\"url\":\"https:\/\/cigei.com\/wp-content\/uploads\/2022\/03\/cropped-LOGO-CIGEI-1.png\",\"contentUrl\":\"https:\/\/cigei.com\/wp-content\/uploads\/2022\/03\/cropped-LOGO-CIGEI-1.png\",\"width\":972,\"height\":422,\"caption\":\"CIGEI SAC\"},\"image\":{\"@id\":\"https:\/\/cigei.com\/#\/schema\/logo\/image\/\"}}]}<\/script>\n<!-- \/ Yoast SEO plugin. -->","yoast_head_json":{"title":"Sedimentaci\u00f3n - CIGEI SAC","description":"Expertos en soluciones de sedimentaci\u00f3n para tratamiento de aguas. Equipos eficientes y personalizados que mejoran la calidad de procesos.","robots":{"index":"index","follow":"follow","max-snippet":"max-snippet:-1","max-image-preview":"max-image-preview:large","max-video-preview":"max-video-preview:-1"},"canonical":"https:\/\/cigei.com\/en\/investigacion-desarrollo-e-innovacion\/laboratorio\/sedimentacion\/","og_locale":"en_US","og_type":"article","og_title":"Sedimentaci\u00f3n - CIGEI SAC","og_description":"Expertos en soluciones de sedimentaci\u00f3n para tratamiento de aguas. Equipos eficientes y personalizados que mejoran la calidad de procesos.","og_url":"https:\/\/cigei.com\/en\/investigacion-desarrollo-e-innovacion\/laboratorio\/sedimentacion\/","og_site_name":"CIGEI SAC","article_modified_time":"2024-11-23T18:36:18+00:00","og_image":[{"url":"https:\/\/cigei.com\/wp-content\/uploads\/2023\/02\/Sed1-224x300.png","type":"","width":"","height":""}],"twitter_card":"summary_large_image","twitter_misc":{"Est. reading time":"2 minutes"},"schema":{"@context":"https:\/\/schema.org","@graph":[{"@type":"WebPage","@id":"https:\/\/cigei.com\/investigacion-desarrollo-e-innovacion\/laboratorio\/sedimentacion\/","url":"https:\/\/cigei.com\/investigacion-desarrollo-e-innovacion\/laboratorio\/sedimentacion\/","name":"Sedimentaci\u00f3n - CIGEI SAC","isPartOf":{"@id":"https:\/\/cigei.com\/#website"},"primaryImageOfPage":{"@id":"https:\/\/cigei.com\/investigacion-desarrollo-e-innovacion\/laboratorio\/sedimentacion\/#primaryimage"},"image":{"@id":"https:\/\/cigei.com\/investigacion-desarrollo-e-innovacion\/laboratorio\/sedimentacion\/#primaryimage"},"thumbnailUrl":"https:\/\/cigei.com\/wp-content\/uploads\/2023\/02\/Sed1-224x300.png","datePublished":"2023-02-10T19:37:05+00:00","dateModified":"2024-11-23T18:36:18+00:00","description":"Expertos en soluciones de sedimentaci\u00f3n para tratamiento de aguas. Equipos eficientes y personalizados que mejoran la calidad de procesos.","breadcrumb":{"@id":"https:\/\/cigei.com\/investigacion-desarrollo-e-innovacion\/laboratorio\/sedimentacion\/#breadcrumb"},"inLanguage":"en-US","potentialAction":[{"@type":"ReadAction","target":["https:\/\/cigei.com\/investigacion-desarrollo-e-innovacion\/laboratorio\/sedimentacion\/"]}]},{"@type":"ImageObject","inLanguage":"en-US","@id":"https:\/\/cigei.com\/investigacion-desarrollo-e-innovacion\/laboratorio\/sedimentacion\/#primaryimage","url":"https:\/\/cigei.com\/wp-content\/uploads\/2023\/02\/Sed1-224x300.png","contentUrl":"https:\/\/cigei.com\/wp-content\/uploads\/2023\/02\/Sed1-224x300.png"},{"@type":"BreadcrumbList","@id":"https:\/\/cigei.com\/investigacion-desarrollo-e-innovacion\/laboratorio\/sedimentacion\/#breadcrumb","itemListElement":[{"@type":"ListItem","position":1,"name":"Home","item":"https:\/\/cigei.com\/"},{"@type":"ListItem","position":2,"name":"I+D+I","item":"https:\/\/cigei.com\/investigacion-desarrollo-e-innovacion\/"},{"@type":"ListItem","position":3,"name":"Laboratorio","item":"https:\/\/cigei.com\/investigacion-desarrollo-e-innovacion\/laboratorio\/"},{"@type":"ListItem","position":4,"name":"Sedimentaci\u00f3n"}]},{"@type":"WebSite","@id":"https:\/\/cigei.com\/#website","url":"https:\/\/cigei.com\/","name":"CIGEI SAC","description":"Filtros Prensa y Tratamiento de Aguas","publisher":{"@id":"https:\/\/cigei.com\/#organization"},"alternateName":"CIGEI SAC","potentialAction":[{"@type":"SearchAction","target":{"@type":"EntryPoint","urlTemplate":"https:\/\/cigei.com\/?s={search_term_string}"},"query-input":{"@type":"PropertyValueSpecification","valueRequired":true,"valueName":"search_term_string"}}],"inLanguage":"en-US"},{"@type":"Organization","@id":"https:\/\/cigei.com\/#organization","name":"CIGEI SAC","alternateName":"CIGEI SAC","url":"https:\/\/cigei.com\/","logo":{"@type":"ImageObject","inLanguage":"en-US","@id":"https:\/\/cigei.com\/#\/schema\/logo\/image\/","url":"https:\/\/cigei.com\/wp-content\/uploads\/2022\/03\/cropped-LOGO-CIGEI-1.png","contentUrl":"https:\/\/cigei.com\/wp-content\/uploads\/2022\/03\/cropped-LOGO-CIGEI-1.png","width":972,"height":422,"caption":"CIGEI SAC"},"image":{"@id":"https:\/\/cigei.com\/#\/schema\/logo\/image\/"}}]}},"_links":{"self":[{"href":"https:\/\/cigei.com\/en\/wp-json\/wp\/v2\/pages\/2487","targetHints":{"allow":["GET"]}}],"collection":[{"href":"https:\/\/cigei.com\/en\/wp-json\/wp\/v2\/pages"}],"about":[{"href":"https:\/\/cigei.com\/en\/wp-json\/wp\/v2\/types\/page"}],"author":[{"embeddable":true,"href":"https:\/\/cigei.com\/en\/wp-json\/wp\/v2\/users\/1"}],"replies":[{"embeddable":true,"href":"https:\/\/cigei.com\/en\/wp-json\/wp\/v2\/comments?post=2487"}],"version-history":[{"count":32,"href":"https:\/\/cigei.com\/en\/wp-json\/wp\/v2\/pages\/2487\/revisions"}],"predecessor-version":[{"id":4235,"href":"https:\/\/cigei.com\/en\/wp-json\/wp\/v2\/pages\/2487\/revisions\/4235"}],"up":[{"embeddable":true,"href":"https:\/\/cigei.com\/en\/wp-json\/wp\/v2\/pages\/96"}],"wp:attachment":[{"href":"https:\/\/cigei.com\/en\/wp-json\/wp\/v2\/media?parent=2487"}],"curies":[{"name":"wp","href":"https:\/\/api.w.org\/{rel}","templated":true}]}}