{"id":2438,"date":"2022-06-10T16:27:29","date_gmt":"2022-06-10T16:27:29","guid":{"rendered":"https:\/\/cigei.com\/?page_id=2438"},"modified":"2025-01-16T16:38:17","modified_gmt":"2025-01-16T16:38:17","slug":"floculantes-y-coagulantes","status":"publish","type":"page","link":"https:\/\/cigei.com\/en\/tratamiento-de-aguas\/floculantes-y-coagulantes\/","title":{"rendered":"Flocculants and Coagulants"},"content":{"rendered":"<div data-elementor-type=\"wp-page\" data-elementor-id=\"2438\" class=\"elementor elementor-2438\">\n\t\t\t\t\t\t<section class=\"elementor-section elementor-top-section elementor-element elementor-element-87af30b elementor-section-boxed elementor-section-height-default elementor-section-height-default\" data-id=\"87af30b\" data-element_type=\"section\" data-e-type=\"section\">\n\t\t\t\t\t\t<div class=\"elementor-container elementor-column-gap-default\">\n\t\t\t\t\t<div class=\"elementor-column elementor-col-100 elementor-top-column elementor-element elementor-element-97d122c\" data-id=\"97d122c\" data-element_type=\"column\" data-e-type=\"column\">\n\t\t\t<div class=\"elementor-widget-wrap elementor-element-populated\">\n\t\t\t\t\t\t<div class=\"elementor-element elementor-element-e2b0c1e elementor-widget elementor-widget-heading\" data-id=\"e2b0c1e\" data-element_type=\"widget\" data-e-type=\"widget\" data-widget_type=\"heading.default\">\n\t\t\t\t<div class=\"elementor-widget-container\">\n\t\t\t\t\t<h2 class=\"elementor-heading-title elementor-size-default\">Flocculants and Coagulants<\/h2>\t\t\t\t<\/div>\n\t\t\t\t<\/div>\n\t\t\t\t\t<\/div>\n\t\t<\/div>\n\t\t\t\t\t<\/div>\n\t\t<\/section>\n\t\t\t\t<section class=\"elementor-section elementor-top-section elementor-element elementor-element-8fd8ea3 elementor-section-boxed elementor-section-height-default elementor-section-height-default\" data-id=\"8fd8ea3\" data-element_type=\"section\" data-e-type=\"section\">\n\t\t\t\t\t\t<div class=\"elementor-container elementor-column-gap-default\">\n\t\t\t\t\t<div class=\"elementor-column elementor-col-100 elementor-top-column elementor-element elementor-element-80be368\" data-id=\"80be368\" data-element_type=\"column\" data-e-type=\"column\">\n\t\t\t<div class=\"elementor-widget-wrap elementor-element-populated\">\n\t\t\t\t\t\t<section class=\"elementor-section elementor-inner-section elementor-element elementor-element-3535f87 elementor-section-boxed elementor-section-height-default elementor-section-height-default\" data-id=\"3535f87\" data-element_type=\"section\" data-e-type=\"section\">\n\t\t\t\t\t\t<div class=\"elementor-container elementor-column-gap-default\">\n\t\t\t\t\t<div class=\"elementor-column elementor-col-50 elementor-inner-column elementor-element elementor-element-8902147\" data-id=\"8902147\" data-element_type=\"column\" data-e-type=\"column\">\n\t\t\t<div class=\"elementor-widget-wrap elementor-element-populated\">\n\t\t\t\t\t\t<div class=\"elementor-element elementor-element-549ac06 elementor-arrows-position-outside elementor-pagination-position-inside elementor-widget elementor-widget-image-carousel\" data-id=\"549ac06\" data-element_type=\"widget\" data-e-type=\"widget\" data-settings=\"{&quot;slides_to_show&quot;:&quot;1&quot;,&quot;navigation&quot;:&quot;both&quot;,&quot;autoplay&quot;:&quot;yes&quot;,&quot;pause_on_hover&quot;:&quot;yes&quot;,&quot;pause_on_interaction&quot;:&quot;yes&quot;,&quot;autoplay_speed&quot;:5000,&quot;infinite&quot;:&quot;yes&quot;,&quot;effect&quot;:&quot;slide&quot;,&quot;speed&quot;:500}\" data-widget_type=\"image-carousel.default\">\n\t\t\t\t<div class=\"elementor-widget-container\">\n\t\t\t\t\t\t\t<div class=\"elementor-image-carousel-wrapper swiper\" role=\"region\" aria-roledescription=\"carousel\" aria-label=\"Image Carousel\" dir=\"ltr\">\n\t\t\t<div class=\"elementor-image-carousel swiper-wrapper\" aria-live=\"off\">\n\t\t\t\t\t\t\t\t<div class=\"swiper-slide\" role=\"group\" aria-roledescription=\"slide\" aria-label=\"1 de 2\"><figure class=\"swiper-slide-inner\"><img decoding=\"async\" class=\"swiper-slide-image\" src=\"https:\/\/cigei.com\/wp-content\/uploads\/2025\/01\/Copy-of-Screenshot-2025-01-15-at-9.56.26\u202fAM-768x591.png\" alt=\"Copy of Screenshot 2025-01-15 at 9.56.26\u202fAM\" \/><\/figure><\/div><div class=\"swiper-slide\" role=\"group\" aria-roledescription=\"slide\" aria-label=\"2 de 2\"><figure class=\"swiper-slide-inner\"><img decoding=\"async\" class=\"swiper-slide-image\" src=\"https:\/\/cigei.com\/wp-content\/uploads\/2025\/01\/Copy-of-Screenshot-2025-01-15-at-9.56.12\u202fAM-768x606.png\" alt=\"Copy of Screenshot 2025-01-15 at 9.56.12\u202fAM\" \/><\/figure><\/div>\t\t\t<\/div>\n\t\t\t\t\t\t\t\t\t\t\t\t<div class=\"elementor-swiper-button elementor-swiper-button-prev\" role=\"button\" tabindex=\"0\">\n\t\t\t\t\t\t<i aria-hidden=\"true\" class=\"eicon-chevron-left\"><\/i>\t\t\t\t\t<\/div>\n\t\t\t\t\t<div class=\"elementor-swiper-button elementor-swiper-button-next\" role=\"button\" tabindex=\"0\">\n\t\t\t\t\t\t<i aria-hidden=\"true\" class=\"eicon-chevron-right\"><\/i>\t\t\t\t\t<\/div>\n\t\t\t\t\n\t\t\t\t\t\t\t\t\t<div class=\"swiper-pagination\"><\/div>\n\t\t\t\t\t\t\t\t\t<\/div>\n\t\t\t\t\t\t<\/div>\n\t\t\t\t<\/div>\n\t\t\t\t\t<\/div>\n\t\t<\/div>\n\t\t\t\t<div class=\"elementor-column elementor-col-50 elementor-inner-column elementor-element elementor-element-d162ec8\" data-id=\"d162ec8\" data-element_type=\"column\" data-e-type=\"column\">\n\t\t\t<div class=\"elementor-widget-wrap elementor-element-populated\">\n\t\t\t\t\t\t<div class=\"elementor-element elementor-element-1ac4396 elementor-widget elementor-widget-text-editor\" data-id=\"1ac4396\" data-element_type=\"widget\" data-e-type=\"widget\" data-widget_type=\"text-editor.default\">\n\t\t\t\t<div class=\"elementor-widget-container\">\n\t\t\t\t\t\t\t\t\t<ul><li>Discover how Flocculants and Coagulants are revolutionizing wastewater and mine water treatment. Polycrylamides, a highly efficient polymer, are being successfully used to improve clarification and sedimentation in wastewater and mine water treatment plants. With their ability to trap particles and flocculate suspended solids, polycrylamides optimize the treatment process, improving treated water quality and reducing operating costs.<\/li><li>Our team of water treatment experts offers you innovative and customized solutions using polycrylamides, guaranteeing optimal results and complying with the most demanding environmental standards. Trust us to take your treatment plant to the next level with polycrylamides as the protagonist!<\/li><\/ul>\t\t\t\t\t\t\t\t<\/div>\n\t\t\t\t<\/div>\n\t\t\t\t<div class=\"elementor-element elementor-element-0fac9b7 elementor-align-center elementor-invisible elementor-widget elementor-widget-button\" data-id=\"0fac9b7\" data-element_type=\"widget\" data-e-type=\"widget\" data-settings=\"{&quot;_animation&quot;:&quot;wobble&quot;}\" data-widget_type=\"button.default\">\n\t\t\t\t<div class=\"elementor-widget-container\">\n\t\t\t\t\t\t\t\t\t<div class=\"elementor-button-wrapper\">\n\t\t\t\t\t<a class=\"elementor-button elementor-button-link elementor-size-sm\" href=\"https:\/\/cigei.com\/contactanos\/\">\n\t\t\t\t\t\t<span class=\"elementor-button-content-wrapper\">\n\t\t\t\t\t\t\t\t\t<span class=\"elementor-button-text\">Solicitar una Cotizaci\u00f3n<\/span>\n\t\t\t\t\t<\/span>\n\t\t\t\t\t<\/a>\n\t\t\t\t<\/div>\n\t\t\t\t\t\t\t\t<\/div>\n\t\t\t\t<\/div>\n\t\t\t\t\t<\/div>\n\t\t<\/div>\n\t\t\t\t\t<\/div>\n\t\t<\/section>\n\t\t\t\t\t<\/div>\n\t\t<\/div>\n\t\t\t\t\t<\/div>\n\t\t<\/section>\n\t\t\t\t<section class=\"elementor-section elementor-top-section elementor-element elementor-element-8b39c5f elementor-section-boxed elementor-section-height-default elementor-section-height-default\" data-id=\"8b39c5f\" data-element_type=\"section\" data-e-type=\"section\">\n\t\t\t\t\t\t<div class=\"elementor-container elementor-column-gap-default\">\n\t\t\t\t\t<div class=\"elementor-column elementor-col-100 elementor-top-column elementor-element elementor-element-9fc3e03\" data-id=\"9fc3e03\" data-element_type=\"column\" data-e-type=\"column\">\n\t\t\t<div class=\"elementor-widget-wrap elementor-element-populated\">\n\t\t\t\t\t\t<div class=\"elementor-element elementor-element-a18d801 elementor-widget elementor-widget-spacer\" data-id=\"a18d801\" data-element_type=\"widget\" data-e-type=\"widget\" data-widget_type=\"spacer.default\">\n\t\t\t\t<div class=\"elementor-widget-container\">\n\t\t\t\t\t\t\t<div class=\"elementor-spacer\">\n\t\t\t<div class=\"elementor-spacer-inner\"><\/div>\n\t\t<\/div>\n\t\t\t\t\t\t<\/div>\n\t\t\t\t<\/div>\n\t\t\t\t\t<\/div>\n\t\t<\/div>\n\t\t\t\t\t<\/div>\n\t\t<\/section>\n\t\t\t\t<\/div>","protected":false},"excerpt":{"rendered":"<p>Floculantes y Coagulantes Descubre c\u00f3mo nuestros Floculantes y Coagulantes est\u00e1n revolucionando el tratamiento de aguas residuales y de minas. Las policrilamidas, un pol\u00edmero altamente eficaz, est\u00e1n siendo utilizadas con \u00e9xito para mejorar la clarificaci\u00f3n y la sedimentaci\u00f3n en plantas de tratamiento de aguas residuales y de minas. Con su capacidad para atrapar part\u00edculas y flocular [&hellip;]<\/p>","protected":false},"author":1,"featured_media":0,"parent":20,"menu_order":0,"comment_status":"closed","ping_status":"closed","template":"","meta":{"site-sidebar-layout":"no-sidebar","site-content-layout":"page-builder","ast-site-content-layout":"full-width-container","site-content-style":"unboxed","site-sidebar-style":"unboxed","ast-global-header-display":"","ast-banner-title-visibility":"","ast-main-header-display":"","ast-hfb-above-header-display":"","ast-hfb-below-header-display":"","ast-hfb-mobile-header-display":"","site-post-title":"disabled","ast-breadcrumbs-content":"","ast-featured-img":"disabled","footer-sml-layout":"","theme-transparent-header-meta":"","adv-header-id-meta":"","stick-header-meta":"","header-above-stick-meta":"","header-main-stick-meta":"","header-below-stick-meta":"","astra-migrate-meta-layouts":"set","ast-page-background-enabled":"default","ast-page-background-meta":{"desktop":{"background-color":"var(--ast-global-color-4)","background-image":"","background-repeat":"repeat","background-position":"center center","background-size":"auto","background-attachment":"scroll","background-type":"","background-media":"","overlay-type":"","overlay-color":"","overlay-opacity":"","overlay-gradient":""},"tablet":{"background-color":"","background-image":"","background-repeat":"repeat","background-position":"center center","background-size":"auto","background-attachment":"scroll","background-type":"","background-media":"","overlay-type":"","overlay-color":"","overlay-opacity":"","overlay-gradient":""},"mobile":{"background-color":"","background-image":"","background-repeat":"repeat","background-position":"center center","background-size":"auto","background-attachment":"scroll","background-type":"","background-media":"","overlay-type":"","overlay-color":"","overlay-opacity":"","overlay-gradient":""}},"ast-content-background-meta":{"desktop":{"background-color":"var(--ast-global-color-5)","background-image":"","background-repeat":"repeat","background-position":"center center","background-size":"auto","background-attachment":"scroll","background-type":"","background-media":"","overlay-type":"","overlay-color":"","overlay-opacity":"","overlay-gradient":""},"tablet":{"background-color":"var(--ast-global-color-5)","background-image":"","background-repeat":"repeat","background-position":"center center","background-size":"auto","background-attachment":"scroll","background-type":"","background-media":"","overlay-type":"","overlay-color":"","overlay-opacity":"","overlay-gradient":""},"mobile":{"background-color":"var(--ast-global-color-5)","background-image":"","background-repeat":"repeat","background-position":"center center","background-size":"auto","background-attachment":"scroll","background-type":"","background-media":"","overlay-type":"","overlay-color":"","overlay-opacity":"","overlay-gradient":""}},"_joinchat":[],"footnotes":""},"class_list":["post-2438","page","type-page","status-publish","hentry"],"yoast_head":"<!-- This site is optimized with the Yoast SEO plugin v25.8 - https:\/\/yoast.com\/wordpress\/plugins\/seo\/ -->\n<title>Floculantes y Coagulantes - CIGEI SAC<\/title>\n<meta name=\"description\" content=\"Floculantes y coagulantes para un tratamiento de agua eficiente. Soluciones que mejoran la clarificaci\u00f3n y separaci\u00f3n s\u00f3lido-l\u00edquido.\" \/>\n<meta name=\"robots\" content=\"index, follow, max-snippet:-1, max-image-preview:large, max-video-preview:-1\" \/>\n<link rel=\"canonical\" href=\"https:\/\/cigei.com\/en\/tratamiento-de-aguas\/floculantes-y-coagulantes\/\" \/>\n<meta property=\"og:locale\" content=\"en_US\" \/>\n<meta property=\"og:type\" content=\"article\" \/>\n<meta property=\"og:title\" content=\"Floculantes y Coagulantes - CIGEI SAC\" \/>\n<meta property=\"og:description\" content=\"Floculantes y coagulantes para un tratamiento de agua eficiente. Soluciones que mejoran la clarificaci\u00f3n y separaci\u00f3n s\u00f3lido-l\u00edquido.\" \/>\n<meta property=\"og:url\" content=\"https:\/\/cigei.com\/en\/tratamiento-de-aguas\/floculantes-y-coagulantes\/\" \/>\n<meta property=\"og:site_name\" content=\"CIGEI SAC\" \/>\n<meta property=\"article:modified_time\" content=\"2025-01-16T16:38:17+00:00\" \/>\n<meta name=\"twitter:card\" content=\"summary_large_image\" \/>\n<meta name=\"twitter:label1\" content=\"Est. reading time\" \/>\n\t<meta name=\"twitter:data1\" content=\"2 minutes\" \/>\n<script type=\"application\/ld+json\" class=\"yoast-schema-graph\">{\"@context\":\"https:\/\/schema.org\",\"@graph\":[{\"@type\":\"WebPage\",\"@id\":\"https:\/\/cigei.com\/tratamiento-de-aguas\/floculantes-y-coagulantes\/\",\"url\":\"https:\/\/cigei.com\/tratamiento-de-aguas\/floculantes-y-coagulantes\/\",\"name\":\"Floculantes y Coagulantes - CIGEI SAC\",\"isPartOf\":{\"@id\":\"https:\/\/cigei.com\/#website\"},\"datePublished\":\"2022-06-10T16:27:29+00:00\",\"dateModified\":\"2025-01-16T16:38:17+00:00\",\"description\":\"Floculantes y coagulantes para un tratamiento de agua eficiente. Soluciones que mejoran la clarificaci\u00f3n y separaci\u00f3n s\u00f3lido-l\u00edquido.\",\"breadcrumb\":{\"@id\":\"https:\/\/cigei.com\/tratamiento-de-aguas\/floculantes-y-coagulantes\/#breadcrumb\"},\"inLanguage\":\"en-US\",\"potentialAction\":[{\"@type\":\"ReadAction\",\"target\":[\"https:\/\/cigei.com\/tratamiento-de-aguas\/floculantes-y-coagulantes\/\"]}]},{\"@type\":\"BreadcrumbList\",\"@id\":\"https:\/\/cigei.com\/tratamiento-de-aguas\/floculantes-y-coagulantes\/#breadcrumb\",\"itemListElement\":[{\"@type\":\"ListItem\",\"position\":1,\"name\":\"Home\",\"item\":\"https:\/\/cigei.com\/\"},{\"@type\":\"ListItem\",\"position\":2,\"name\":\"Tratamiento de Aguas\",\"item\":\"https:\/\/cigei.com\/tratamiento-de-aguas\/\"},{\"@type\":\"ListItem\",\"position\":3,\"name\":\"Floculantes y Coagulantes\"}]},{\"@type\":\"WebSite\",\"@id\":\"https:\/\/cigei.com\/#website\",\"url\":\"https:\/\/cigei.com\/\",\"name\":\"CIGEI SAC\",\"description\":\"Filtros Prensa y Tratamiento de Aguas\",\"publisher\":{\"@id\":\"https:\/\/cigei.com\/#organization\"},\"alternateName\":\"CIGEI SAC\",\"potentialAction\":[{\"@type\":\"SearchAction\",\"target\":{\"@type\":\"EntryPoint\",\"urlTemplate\":\"https:\/\/cigei.com\/?s={search_term_string}\"},\"query-input\":{\"@type\":\"PropertyValueSpecification\",\"valueRequired\":true,\"valueName\":\"search_term_string\"}}],\"inLanguage\":\"en-US\"},{\"@type\":\"Organization\",\"@id\":\"https:\/\/cigei.com\/#organization\",\"name\":\"CIGEI SAC\",\"alternateName\":\"CIGEI SAC\",\"url\":\"https:\/\/cigei.com\/\",\"logo\":{\"@type\":\"ImageObject\",\"inLanguage\":\"en-US\",\"@id\":\"https:\/\/cigei.com\/#\/schema\/logo\/image\/\",\"url\":\"https:\/\/cigei.com\/wp-content\/uploads\/2022\/03\/cropped-LOGO-CIGEI-1.png\",\"contentUrl\":\"https:\/\/cigei.com\/wp-content\/uploads\/2022\/03\/cropped-LOGO-CIGEI-1.png\",\"width\":972,\"height\":422,\"caption\":\"CIGEI SAC\"},\"image\":{\"@id\":\"https:\/\/cigei.com\/#\/schema\/logo\/image\/\"}}]}<\/script>\n<!-- \/ Yoast SEO plugin. -->","yoast_head_json":{"title":"Floculantes y Coagulantes - CIGEI SAC","description":"Floculantes y coagulantes para un tratamiento de agua eficiente. Soluciones que mejoran la clarificaci\u00f3n y separaci\u00f3n s\u00f3lido-l\u00edquido.","robots":{"index":"index","follow":"follow","max-snippet":"max-snippet:-1","max-image-preview":"max-image-preview:large","max-video-preview":"max-video-preview:-1"},"canonical":"https:\/\/cigei.com\/en\/tratamiento-de-aguas\/floculantes-y-coagulantes\/","og_locale":"en_US","og_type":"article","og_title":"Floculantes y Coagulantes - CIGEI SAC","og_description":"Floculantes y coagulantes para un tratamiento de agua eficiente. Soluciones que mejoran la clarificaci\u00f3n y separaci\u00f3n s\u00f3lido-l\u00edquido.","og_url":"https:\/\/cigei.com\/en\/tratamiento-de-aguas\/floculantes-y-coagulantes\/","og_site_name":"CIGEI SAC","article_modified_time":"2025-01-16T16:38:17+00:00","twitter_card":"summary_large_image","twitter_misc":{"Est. reading time":"2 minutes"},"schema":{"@context":"https:\/\/schema.org","@graph":[{"@type":"WebPage","@id":"https:\/\/cigei.com\/tratamiento-de-aguas\/floculantes-y-coagulantes\/","url":"https:\/\/cigei.com\/tratamiento-de-aguas\/floculantes-y-coagulantes\/","name":"Floculantes y Coagulantes - CIGEI SAC","isPartOf":{"@id":"https:\/\/cigei.com\/#website"},"datePublished":"2022-06-10T16:27:29+00:00","dateModified":"2025-01-16T16:38:17+00:00","description":"Floculantes y coagulantes para un tratamiento de agua eficiente. Soluciones que mejoran la clarificaci\u00f3n y separaci\u00f3n s\u00f3lido-l\u00edquido.","breadcrumb":{"@id":"https:\/\/cigei.com\/tratamiento-de-aguas\/floculantes-y-coagulantes\/#breadcrumb"},"inLanguage":"en-US","potentialAction":[{"@type":"ReadAction","target":["https:\/\/cigei.com\/tratamiento-de-aguas\/floculantes-y-coagulantes\/"]}]},{"@type":"BreadcrumbList","@id":"https:\/\/cigei.com\/tratamiento-de-aguas\/floculantes-y-coagulantes\/#breadcrumb","itemListElement":[{"@type":"ListItem","position":1,"name":"Home","item":"https:\/\/cigei.com\/"},{"@type":"ListItem","position":2,"name":"Tratamiento de Aguas","item":"https:\/\/cigei.com\/tratamiento-de-aguas\/"},{"@type":"ListItem","position":3,"name":"Floculantes y Coagulantes"}]},{"@type":"WebSite","@id":"https:\/\/cigei.com\/#website","url":"https:\/\/cigei.com\/","name":"CIGEI SAC","description":"Filtros Prensa y Tratamiento de Aguas","publisher":{"@id":"https:\/\/cigei.com\/#organization"},"alternateName":"CIGEI SAC","potentialAction":[{"@type":"SearchAction","target":{"@type":"EntryPoint","urlTemplate":"https:\/\/cigei.com\/?s={search_term_string}"},"query-input":{"@type":"PropertyValueSpecification","valueRequired":true,"valueName":"search_term_string"}}],"inLanguage":"en-US"},{"@type":"Organization","@id":"https:\/\/cigei.com\/#organization","name":"CIGEI SAC","alternateName":"CIGEI SAC","url":"https:\/\/cigei.com\/","logo":{"@type":"ImageObject","inLanguage":"en-US","@id":"https:\/\/cigei.com\/#\/schema\/logo\/image\/","url":"https:\/\/cigei.com\/wp-content\/uploads\/2022\/03\/cropped-LOGO-CIGEI-1.png","contentUrl":"https:\/\/cigei.com\/wp-content\/uploads\/2022\/03\/cropped-LOGO-CIGEI-1.png","width":972,"height":422,"caption":"CIGEI SAC"},"image":{"@id":"https:\/\/cigei.com\/#\/schema\/logo\/image\/"}}]}},"_links":{"self":[{"href":"https:\/\/cigei.com\/en\/wp-json\/wp\/v2\/pages\/2438","targetHints":{"allow":["GET"]}}],"collection":[{"href":"https:\/\/cigei.com\/en\/wp-json\/wp\/v2\/pages"}],"about":[{"href":"https:\/\/cigei.com\/en\/wp-json\/wp\/v2\/types\/page"}],"author":[{"embeddable":true,"href":"https:\/\/cigei.com\/en\/wp-json\/wp\/v2\/users\/1"}],"replies":[{"embeddable":true,"href":"https:\/\/cigei.com\/en\/wp-json\/wp\/v2\/comments?post=2438"}],"version-history":[{"count":36,"href":"https:\/\/cigei.com\/en\/wp-json\/wp\/v2\/pages\/2438\/revisions"}],"predecessor-version":[{"id":4556,"href":"https:\/\/cigei.com\/en\/wp-json\/wp\/v2\/pages\/2438\/revisions\/4556"}],"up":[{"embeddable":true,"href":"https:\/\/cigei.com\/en\/wp-json\/wp\/v2\/pages\/20"}],"wp:attachment":[{"href":"https:\/\/cigei.com\/en\/wp-json\/wp\/v2\/media?parent=2438"}],"curies":[{"name":"wp","href":"https:\/\/api.w.org\/{rel}","templated":true}]}}