{"id":22,"date":"2022-03-03T19:32:55","date_gmt":"2022-03-03T19:32:55","guid":{"rendered":"https:\/\/cigei.com\/?page_id=22"},"modified":"2025-01-29T19:45:04","modified_gmt":"2025-01-29T19:45:04","slug":"investigacion-desarrollo-e-innovacion","status":"publish","type":"page","link":"https:\/\/cigei.com\/en\/investigacion-desarrollo-e-innovacion\/","title":{"rendered":"R&amp;D&amp;I"},"content":{"rendered":"<div data-elementor-type=\"wp-page\" data-elementor-id=\"22\" class=\"elementor elementor-22\">\n\t\t\t\t\t\t<section class=\"elementor-section elementor-top-section elementor-element elementor-element-d7ad10a elementor-section-boxed elementor-section-height-default elementor-section-height-default\" data-id=\"d7ad10a\" data-element_type=\"section\" data-e-type=\"section\">\n\t\t\t\t\t\t<div class=\"elementor-container elementor-column-gap-default\">\n\t\t\t\t\t<div class=\"elementor-column elementor-col-100 elementor-top-column elementor-element elementor-element-cdb89d5\" data-id=\"cdb89d5\" data-element_type=\"column\" data-e-type=\"column\">\n\t\t\t<div class=\"elementor-widget-wrap elementor-element-populated\">\n\t\t\t\t\t\t<div class=\"elementor-element elementor-element-839ba1f elementor-widget elementor-widget-heading\" data-id=\"839ba1f\" data-element_type=\"widget\" data-e-type=\"widget\" data-widget_type=\"heading.default\">\n\t\t\t\t<div class=\"elementor-widget-container\">\n\t\t\t\t\t<h2 class=\"elementor-heading-title elementor-size-default\">Research, development and innovation<\/h2>\t\t\t\t<\/div>\n\t\t\t\t<\/div>\n\t\t\t\t\t<\/div>\n\t\t<\/div>\n\t\t\t\t\t<\/div>\n\t\t<\/section>\n\t\t\t\t<section class=\"elementor-section elementor-top-section elementor-element elementor-element-e50d92e elementor-section-boxed elementor-section-height-default elementor-section-height-default\" data-id=\"e50d92e\" data-element_type=\"section\" data-e-type=\"section\">\n\t\t\t\t\t\t<div class=\"elementor-container elementor-column-gap-default\">\n\t\t\t\t\t<div class=\"elementor-column elementor-col-100 elementor-top-column elementor-element elementor-element-de43578\" data-id=\"de43578\" data-element_type=\"column\" data-e-type=\"column\">\n\t\t\t<div class=\"elementor-widget-wrap elementor-element-populated\">\n\t\t\t\t\t\t<section class=\"elementor-section elementor-inner-section elementor-element elementor-element-0d47b46 elementor-section-boxed elementor-section-height-default elementor-section-height-default\" data-id=\"0d47b46\" data-element_type=\"section\" data-e-type=\"section\">\n\t\t\t\t\t\t<div class=\"elementor-container elementor-column-gap-default\">\n\t\t\t\t\t<div class=\"elementor-column elementor-col-50 elementor-inner-column elementor-element elementor-element-5302a50\" data-id=\"5302a50\" data-element_type=\"column\" data-e-type=\"column\">\n\t\t\t<div class=\"elementor-widget-wrap elementor-element-populated\">\n\t\t\t\t\t\t<div class=\"elementor-element elementor-element-5cf5943 elementor-arrows-position-outside elementor-pagination-position-outside elementor-widget elementor-widget-image-carousel\" data-id=\"5cf5943\" data-element_type=\"widget\" data-e-type=\"widget\" data-settings=\"{&quot;slides_to_show&quot;:&quot;1&quot;,&quot;autoplay_speed&quot;:2000,&quot;navigation&quot;:&quot;both&quot;,&quot;autoplay&quot;:&quot;yes&quot;,&quot;pause_on_hover&quot;:&quot;yes&quot;,&quot;pause_on_interaction&quot;:&quot;yes&quot;,&quot;infinite&quot;:&quot;yes&quot;,&quot;effect&quot;:&quot;slide&quot;,&quot;speed&quot;:500}\" data-widget_type=\"image-carousel.default\">\n\t\t\t\t<div class=\"elementor-widget-container\">\n\t\t\t\t\t\t\t<div class=\"elementor-image-carousel-wrapper swiper\" role=\"region\" aria-roledescription=\"carousel\" aria-label=\"Image Carousel\" dir=\"ltr\">\n\t\t\t<div class=\"elementor-image-carousel swiper-wrapper\" aria-live=\"off\">\n\t\t\t\t\t\t\t\t<div class=\"swiper-slide\" role=\"group\" aria-roledescription=\"slide\" aria-label=\"1 de 4\"><figure class=\"swiper-slide-inner\"><img decoding=\"async\" class=\"swiper-slide-image\" src=\"https:\/\/cigei.com\/wp-content\/uploads\/2025\/01\/Screenshot-2025-01-22-at-12.24.29\u202fPM-768x636.png\" alt=\"Equipo de cigei\" \/><\/figure><\/div><div class=\"swiper-slide\" role=\"group\" aria-roledescription=\"slide\" aria-label=\"2 de 4\"><figure class=\"swiper-slide-inner\"><img decoding=\"async\" class=\"swiper-slide-image\" src=\"https:\/\/cigei.com\/wp-content\/uploads\/2025\/01\/telas-eed-768x638.png\" alt=\"lonas para filtro prensa\" \/><\/figure><\/div><div class=\"swiper-slide\" role=\"group\" aria-roledescription=\"slide\" aria-label=\"3 de 4\"><figure class=\"swiper-slide-inner\"><img decoding=\"async\" class=\"swiper-slide-image\" src=\"https:\/\/cigei.com\/wp-content\/uploads\/2025\/01\/telas-filtro-768x638.png\" alt=\"lonas para filtro prensa\" \/><\/figure><\/div><div class=\"swiper-slide\" role=\"group\" aria-roledescription=\"slide\" aria-label=\"4 de 4\"><figure class=\"swiper-slide-inner\"><img decoding=\"async\" class=\"swiper-slide-image\" src=\"https:\/\/cigei.com\/wp-content\/uploads\/2025\/01\/telas-web-ed-768x638.png\" alt=\"lona para filtro prensa\" \/><\/figure><\/div>\t\t\t<\/div>\n\t\t\t\t\t\t\t\t\t\t\t\t<div class=\"elementor-swiper-button elementor-swiper-button-prev\" role=\"button\" tabindex=\"0\">\n\t\t\t\t\t\t<i aria-hidden=\"true\" class=\"eicon-chevron-left\"><\/i>\t\t\t\t\t<\/div>\n\t\t\t\t\t<div class=\"elementor-swiper-button elementor-swiper-button-next\" role=\"button\" tabindex=\"0\">\n\t\t\t\t\t\t<i aria-hidden=\"true\" class=\"eicon-chevron-right\"><\/i>\t\t\t\t\t<\/div>\n\t\t\t\t\n\t\t\t\t\t\t\t\t\t<div class=\"swiper-pagination\"><\/div>\n\t\t\t\t\t\t\t\t\t<\/div>\n\t\t\t\t\t\t<\/div>\n\t\t\t\t<\/div>\n\t\t\t\t\t<\/div>\n\t\t<\/div>\n\t\t\t\t<div class=\"elementor-column elementor-col-50 elementor-inner-column elementor-element elementor-element-f4de9af\" data-id=\"f4de9af\" data-element_type=\"column\" data-e-type=\"column\">\n\t\t\t<div class=\"elementor-widget-wrap elementor-element-populated\">\n\t\t\t\t\t\t<div class=\"elementor-element elementor-element-5e62cdd elementor-widget elementor-widget-text-editor\" data-id=\"5e62cdd\" data-element_type=\"widget\" data-e-type=\"widget\" data-widget_type=\"text-editor.default\">\n\t\t\t\t<div class=\"elementor-widget-container\">\n\t\t\t\t\t\t\t\t\t<ul><li>Contamos con una oficina t\u00e9cnica exclusiva para la investigaci\u00f3n, desarrollo e innovaci\u00f3n de nuevos productos y servicios, as\u00ed como laboratorio de filtraci\u00f3n y tratamiento de aguas.<\/li><li>Our human capital value offer is oriented towards process innovation, new technologies and industrial design techniques; adapted to client requirements and the search for efficiency with corporate social responsibility.<\/li><li>Desarrollamos soluciones que promueven el uso eficiente de recursos y la protecci\u00f3n del medio ambiente, garantizando procesos responsables y adaptados a las necesidades actuales.<\/li><\/ul>\t\t\t\t\t\t\t\t<\/div>\n\t\t\t\t<\/div>\n\t\t\t\t<div class=\"elementor-element elementor-element-5d355c4 elementor-widget elementor-widget-spacer\" data-id=\"5d355c4\" data-element_type=\"widget\" data-e-type=\"widget\" data-widget_type=\"spacer.default\">\n\t\t\t\t<div class=\"elementor-widget-container\">\n\t\t\t\t\t\t\t<div class=\"elementor-spacer\">\n\t\t\t<div class=\"elementor-spacer-inner\"><\/div>\n\t\t<\/div>\n\t\t\t\t\t\t<\/div>\n\t\t\t\t<\/div>\n\t\t\t\t<div class=\"elementor-element elementor-element-2720fbc elementor-align-justify elementor-widget__width-inherit elementor-widget elementor-widget-button\" data-id=\"2720fbc\" data-element_type=\"widget\" data-e-type=\"widget\" data-settings=\"{&quot;_animation&quot;:&quot;none&quot;}\" data-widget_type=\"button.default\">\n\t\t\t\t<div class=\"elementor-widget-container\">\n\t\t\t\t\t\t\t\t\t<div class=\"elementor-button-wrapper\">\n\t\t\t\t\t<a class=\"elementor-button elementor-button-link elementor-size-sm elementor-animation-wobble-horizontal\" href=\"https:\/\/cigei.com\/wp-content\/uploads\/2024\/02\/CATALOGO-DEFINITIVO.pdf\">\n\t\t\t\t\t\t<span class=\"elementor-button-content-wrapper\">\n\t\t\t\t\t\t<span class=\"elementor-button-icon\">\n\t\t\t\t<i aria-hidden=\"true\" class=\"fas fa-angle-right\"><\/i>\t\t\t<\/span>\n\t\t\t\t\t\t\t\t\t<span class=\"elementor-button-text\">Download Brochure<\/span>\n\t\t\t\t\t<\/span>\n\t\t\t\t\t<\/a>\n\t\t\t\t<\/div>\n\t\t\t\t\t\t\t\t<\/div>\n\t\t\t\t<\/div>\n\t\t\t\t\t<\/div>\n\t\t<\/div>\n\t\t\t\t\t<\/div>\n\t\t<\/section>\n\t\t\t\t\t<\/div>\n\t\t<\/div>\n\t\t\t\t\t<\/div>\n\t\t<\/section>\n\t\t\t\t<section class=\"elementor-section elementor-top-section elementor-element elementor-element-021634f elementor-section-boxed elementor-section-height-default elementor-section-height-default\" data-id=\"021634f\" data-element_type=\"section\" data-e-type=\"section\">\n\t\t\t\t\t\t<div class=\"elementor-container elementor-column-gap-default\">\n\t\t\t\t\t<div class=\"elementor-column elementor-col-100 elementor-top-column elementor-element elementor-element-be348ee\" data-id=\"be348ee\" data-element_type=\"column\" data-e-type=\"column\">\n\t\t\t<div class=\"elementor-widget-wrap elementor-element-populated\">\n\t\t\t\t\t\t<div class=\"elementor-element elementor-element-085d172 elementor-widget elementor-widget-spacer\" data-id=\"085d172\" data-element_type=\"widget\" data-e-type=\"widget\" data-widget_type=\"spacer.default\">\n\t\t\t\t<div class=\"elementor-widget-container\">\n\t\t\t\t\t\t\t<div class=\"elementor-spacer\">\n\t\t\t<div class=\"elementor-spacer-inner\"><\/div>\n\t\t<\/div>\n\t\t\t\t\t\t<\/div>\n\t\t\t\t<\/div>\n\t\t\t\t\t<\/div>\n\t\t<\/div>\n\t\t\t\t\t<\/div>\n\t\t<\/section>\n\t\t\t\t<\/div>","protected":false},"excerpt":{"rendered":"<p>Investigaci\u00f3n, Desarrollo e Innovaci\u00f3n Contamos con una oficina t\u00e9cnica exclusiva para la investigaci\u00f3n, desarrollo e innovaci\u00f3n de nuevos productos y servicios, as\u00ed como laboratorio de filtraci\u00f3n y tratamiento de aguas. Nuestra oferta valor capital humano se encuentra orientado a la innovaci\u00f3n de los procesos , las nuevas tecnolog\u00edas y las t\u00e9cnicas de dise\u00f1o industrial; adaptadas [&hellip;]<\/p>","protected":false},"author":1,"featured_media":0,"parent":0,"menu_order":0,"comment_status":"closed","ping_status":"closed","template":"","meta":{"site-sidebar-layout":"no-sidebar","site-content-layout":"page-builder","ast-site-content-layout":"full-width-container","site-content-style":"unboxed","site-sidebar-style":"unboxed","ast-global-header-display":"","ast-banner-title-visibility":"","ast-main-header-display":"","ast-hfb-above-header-display":"","ast-hfb-below-header-display":"","ast-hfb-mobile-header-display":"","site-post-title":"disabled","ast-breadcrumbs-content":"","ast-featured-img":"disabled","footer-sml-layout":"","theme-transparent-header-meta":"","adv-header-id-meta":"","stick-header-meta":"","header-above-stick-meta":"","header-main-stick-meta":"","header-below-stick-meta":"","astra-migrate-meta-layouts":"set","ast-page-background-enabled":"default","ast-page-background-meta":{"desktop":{"background-color":"var(--ast-global-color-4)","background-image":"","background-repeat":"repeat","background-position":"center center","background-size":"auto","background-attachment":"scroll","background-type":"","background-media":"","overlay-type":"","overlay-color":"","overlay-opacity":"","overlay-gradient":""},"tablet":{"background-color":"","background-image":"","background-repeat":"repeat","background-position":"center center","background-size":"auto","background-attachment":"scroll","background-type":"","background-media":"","overlay-type":"","overlay-color":"","overlay-opacity":"","overlay-gradient":""},"mobile":{"background-color":"","background-image":"","background-repeat":"repeat","background-position":"center center","background-size":"auto","background-attachment":"scroll","background-type":"","background-media":"","overlay-type":"","overlay-color":"","overlay-opacity":"","overlay-gradient":""}},"ast-content-background-meta":{"desktop":{"background-color":"var(--ast-global-color-5)","background-image":"","background-repeat":"repeat","background-position":"center center","background-size":"auto","background-attachment":"scroll","background-type":"","background-media":"","overlay-type":"","overlay-color":"","overlay-opacity":"","overlay-gradient":""},"tablet":{"background-color":"var(--ast-global-color-5)","background-image":"","background-repeat":"repeat","background-position":"center center","background-size":"auto","background-attachment":"scroll","background-type":"","background-media":"","overlay-type":"","overlay-color":"","overlay-opacity":"","overlay-gradient":""},"mobile":{"background-color":"var(--ast-global-color-5)","background-image":"","background-repeat":"repeat","background-position":"center center","background-size":"auto","background-attachment":"scroll","background-type":"","background-media":"","overlay-type":"","overlay-color":"","overlay-opacity":"","overlay-gradient":""}},"_joinchat":{"telephone":"+51998880592"},"footnotes":""},"class_list":["post-22","page","type-page","status-publish","hentry"],"yoast_head":"<!-- This site is optimized with the Yoast SEO plugin v25.8 - https:\/\/yoast.com\/wordpress\/plugins\/seo\/ -->\n<title>Investigaci\u00f3n Desarrollo e Innovaci\u00f3n - CIGEI SAC<\/title>\n<meta name=\"description\" content=\"Impulsamos la investigaci\u00f3n, desarrollo e innovaci\u00f3n para crear soluciones avanzadas en filtraci\u00f3n y tratamiento de aguas.\" \/>\n<meta name=\"robots\" content=\"index, follow, max-snippet:-1, max-image-preview:large, max-video-preview:-1\" \/>\n<link rel=\"canonical\" href=\"https:\/\/cigei.com\/en\/investigacion-desarrollo-e-innovacion\/\" \/>\n<meta property=\"og:locale\" content=\"en_US\" \/>\n<meta property=\"og:type\" content=\"article\" \/>\n<meta property=\"og:title\" content=\"Investigaci\u00f3n Desarrollo e Innovaci\u00f3n - CIGEI SAC\" \/>\n<meta property=\"og:description\" content=\"Impulsamos la investigaci\u00f3n, desarrollo e innovaci\u00f3n para crear soluciones avanzadas en filtraci\u00f3n y tratamiento de aguas.\" \/>\n<meta property=\"og:url\" content=\"https:\/\/cigei.com\/en\/investigacion-desarrollo-e-innovacion\/\" \/>\n<meta property=\"og:site_name\" content=\"CIGEI SAC\" \/>\n<meta property=\"article:modified_time\" content=\"2025-01-29T19:45:04+00:00\" \/>\n<meta property=\"og:image\" content=\"https:\/\/cigei.com\/wp-content\/uploads\/2025\/01\/telas-eed-768x638.png\" \/>\n<meta name=\"twitter:card\" content=\"summary_large_image\" \/>\n<meta name=\"twitter:label1\" content=\"Est. reading time\" \/>\n\t<meta name=\"twitter:data1\" content=\"2 minutes\" \/>\n<script type=\"application\/ld+json\" class=\"yoast-schema-graph\">{\"@context\":\"https:\/\/schema.org\",\"@graph\":[{\"@type\":\"WebPage\",\"@id\":\"https:\/\/cigei.com\/investigacion-desarrollo-e-innovacion\/\",\"url\":\"https:\/\/cigei.com\/investigacion-desarrollo-e-innovacion\/\",\"name\":\"Investigaci\u00f3n Desarrollo e Innovaci\u00f3n - CIGEI SAC\",\"isPartOf\":{\"@id\":\"https:\/\/cigei.com\/#website\"},\"primaryImageOfPage\":{\"@id\":\"https:\/\/cigei.com\/investigacion-desarrollo-e-innovacion\/#primaryimage\"},\"image\":{\"@id\":\"https:\/\/cigei.com\/investigacion-desarrollo-e-innovacion\/#primaryimage\"},\"thumbnailUrl\":\"https:\/\/cigei.com\/wp-content\/uploads\/2025\/01\/telas-eed-768x638.png\",\"datePublished\":\"2022-03-03T19:32:55+00:00\",\"dateModified\":\"2025-01-29T19:45:04+00:00\",\"description\":\"Impulsamos la investigaci\u00f3n, desarrollo e innovaci\u00f3n para crear soluciones avanzadas en filtraci\u00f3n y tratamiento de aguas.\",\"breadcrumb\":{\"@id\":\"https:\/\/cigei.com\/investigacion-desarrollo-e-innovacion\/#breadcrumb\"},\"inLanguage\":\"en-US\",\"potentialAction\":[{\"@type\":\"ReadAction\",\"target\":[\"https:\/\/cigei.com\/investigacion-desarrollo-e-innovacion\/\"]}]},{\"@type\":\"ImageObject\",\"inLanguage\":\"en-US\",\"@id\":\"https:\/\/cigei.com\/investigacion-desarrollo-e-innovacion\/#primaryimage\",\"url\":\"https:\/\/cigei.com\/wp-content\/uploads\/2025\/01\/telas-eed-768x638.png\",\"contentUrl\":\"https:\/\/cigei.com\/wp-content\/uploads\/2025\/01\/telas-eed-768x638.png\"},{\"@type\":\"BreadcrumbList\",\"@id\":\"https:\/\/cigei.com\/investigacion-desarrollo-e-innovacion\/#breadcrumb\",\"itemListElement\":[{\"@type\":\"ListItem\",\"position\":1,\"name\":\"Home\",\"item\":\"https:\/\/cigei.com\/\"},{\"@type\":\"ListItem\",\"position\":2,\"name\":\"I+D+I\"}]},{\"@type\":\"WebSite\",\"@id\":\"https:\/\/cigei.com\/#website\",\"url\":\"https:\/\/cigei.com\/\",\"name\":\"CIGEI SAC\",\"description\":\"Filtros Prensa y Tratamiento de Aguas\",\"publisher\":{\"@id\":\"https:\/\/cigei.com\/#organization\"},\"alternateName\":\"CIGEI SAC\",\"potentialAction\":[{\"@type\":\"SearchAction\",\"target\":{\"@type\":\"EntryPoint\",\"urlTemplate\":\"https:\/\/cigei.com\/?s={search_term_string}\"},\"query-input\":{\"@type\":\"PropertyValueSpecification\",\"valueRequired\":true,\"valueName\":\"search_term_string\"}}],\"inLanguage\":\"en-US\"},{\"@type\":\"Organization\",\"@id\":\"https:\/\/cigei.com\/#organization\",\"name\":\"CIGEI SAC\",\"alternateName\":\"CIGEI SAC\",\"url\":\"https:\/\/cigei.com\/\",\"logo\":{\"@type\":\"ImageObject\",\"inLanguage\":\"en-US\",\"@id\":\"https:\/\/cigei.com\/#\/schema\/logo\/image\/\",\"url\":\"https:\/\/cigei.com\/wp-content\/uploads\/2022\/03\/cropped-LOGO-CIGEI-1.png\",\"contentUrl\":\"https:\/\/cigei.com\/wp-content\/uploads\/2022\/03\/cropped-LOGO-CIGEI-1.png\",\"width\":972,\"height\":422,\"caption\":\"CIGEI SAC\"},\"image\":{\"@id\":\"https:\/\/cigei.com\/#\/schema\/logo\/image\/\"}}]}<\/script>\n<!-- \/ Yoast SEO plugin. -->","yoast_head_json":{"title":"Investigaci\u00f3n Desarrollo e Innovaci\u00f3n - CIGEI SAC","description":"Impulsamos la investigaci\u00f3n, desarrollo e innovaci\u00f3n para crear soluciones avanzadas en filtraci\u00f3n y tratamiento de aguas.","robots":{"index":"index","follow":"follow","max-snippet":"max-snippet:-1","max-image-preview":"max-image-preview:large","max-video-preview":"max-video-preview:-1"},"canonical":"https:\/\/cigei.com\/en\/investigacion-desarrollo-e-innovacion\/","og_locale":"en_US","og_type":"article","og_title":"Investigaci\u00f3n Desarrollo e Innovaci\u00f3n - CIGEI SAC","og_description":"Impulsamos la investigaci\u00f3n, desarrollo e innovaci\u00f3n para crear soluciones avanzadas en filtraci\u00f3n y tratamiento de aguas.","og_url":"https:\/\/cigei.com\/en\/investigacion-desarrollo-e-innovacion\/","og_site_name":"CIGEI SAC","article_modified_time":"2025-01-29T19:45:04+00:00","og_image":[{"url":"https:\/\/cigei.com\/wp-content\/uploads\/2025\/01\/telas-eed-768x638.png","type":"","width":"","height":""}],"twitter_card":"summary_large_image","twitter_misc":{"Est. reading time":"2 minutes"},"schema":{"@context":"https:\/\/schema.org","@graph":[{"@type":"WebPage","@id":"https:\/\/cigei.com\/investigacion-desarrollo-e-innovacion\/","url":"https:\/\/cigei.com\/investigacion-desarrollo-e-innovacion\/","name":"Investigaci\u00f3n Desarrollo e Innovaci\u00f3n - CIGEI SAC","isPartOf":{"@id":"https:\/\/cigei.com\/#website"},"primaryImageOfPage":{"@id":"https:\/\/cigei.com\/investigacion-desarrollo-e-innovacion\/#primaryimage"},"image":{"@id":"https:\/\/cigei.com\/investigacion-desarrollo-e-innovacion\/#primaryimage"},"thumbnailUrl":"https:\/\/cigei.com\/wp-content\/uploads\/2025\/01\/telas-eed-768x638.png","datePublished":"2022-03-03T19:32:55+00:00","dateModified":"2025-01-29T19:45:04+00:00","description":"Impulsamos la investigaci\u00f3n, desarrollo e innovaci\u00f3n para crear soluciones avanzadas en filtraci\u00f3n y tratamiento de aguas.","breadcrumb":{"@id":"https:\/\/cigei.com\/investigacion-desarrollo-e-innovacion\/#breadcrumb"},"inLanguage":"en-US","potentialAction":[{"@type":"ReadAction","target":["https:\/\/cigei.com\/investigacion-desarrollo-e-innovacion\/"]}]},{"@type":"ImageObject","inLanguage":"en-US","@id":"https:\/\/cigei.com\/investigacion-desarrollo-e-innovacion\/#primaryimage","url":"https:\/\/cigei.com\/wp-content\/uploads\/2025\/01\/telas-eed-768x638.png","contentUrl":"https:\/\/cigei.com\/wp-content\/uploads\/2025\/01\/telas-eed-768x638.png"},{"@type":"BreadcrumbList","@id":"https:\/\/cigei.com\/investigacion-desarrollo-e-innovacion\/#breadcrumb","itemListElement":[{"@type":"ListItem","position":1,"name":"Home","item":"https:\/\/cigei.com\/"},{"@type":"ListItem","position":2,"name":"I+D+I"}]},{"@type":"WebSite","@id":"https:\/\/cigei.com\/#website","url":"https:\/\/cigei.com\/","name":"CIGEI SAC","description":"Filtros Prensa y Tratamiento de Aguas","publisher":{"@id":"https:\/\/cigei.com\/#organization"},"alternateName":"CIGEI SAC","potentialAction":[{"@type":"SearchAction","target":{"@type":"EntryPoint","urlTemplate":"https:\/\/cigei.com\/?s={search_term_string}"},"query-input":{"@type":"PropertyValueSpecification","valueRequired":true,"valueName":"search_term_string"}}],"inLanguage":"en-US"},{"@type":"Organization","@id":"https:\/\/cigei.com\/#organization","name":"CIGEI SAC","alternateName":"CIGEI SAC","url":"https:\/\/cigei.com\/","logo":{"@type":"ImageObject","inLanguage":"en-US","@id":"https:\/\/cigei.com\/#\/schema\/logo\/image\/","url":"https:\/\/cigei.com\/wp-content\/uploads\/2022\/03\/cropped-LOGO-CIGEI-1.png","contentUrl":"https:\/\/cigei.com\/wp-content\/uploads\/2022\/03\/cropped-LOGO-CIGEI-1.png","width":972,"height":422,"caption":"CIGEI SAC"},"image":{"@id":"https:\/\/cigei.com\/#\/schema\/logo\/image\/"}}]}},"_links":{"self":[{"href":"https:\/\/cigei.com\/en\/wp-json\/wp\/v2\/pages\/22","targetHints":{"allow":["GET"]}}],"collection":[{"href":"https:\/\/cigei.com\/en\/wp-json\/wp\/v2\/pages"}],"about":[{"href":"https:\/\/cigei.com\/en\/wp-json\/wp\/v2\/types\/page"}],"author":[{"embeddable":true,"href":"https:\/\/cigei.com\/en\/wp-json\/wp\/v2\/users\/1"}],"replies":[{"embeddable":true,"href":"https:\/\/cigei.com\/en\/wp-json\/wp\/v2\/comments?post=22"}],"version-history":[{"count":87,"href":"https:\/\/cigei.com\/en\/wp-json\/wp\/v2\/pages\/22\/revisions"}],"predecessor-version":[{"id":4924,"href":"https:\/\/cigei.com\/en\/wp-json\/wp\/v2\/pages\/22\/revisions\/4924"}],"wp:attachment":[{"href":"https:\/\/cigei.com\/en\/wp-json\/wp\/v2\/media?parent=22"}],"curies":[{"name":"wp","href":"https:\/\/api.w.org\/{rel}","templated":true}]}}